{"id":217,"date":"2022-02-25T12:50:28","date_gmt":"2022-02-25T12:50:28","guid":{"rendered":"https:\/\/ottenby.wpengine.com\/sevardheter\/"},"modified":"2022-04-21T09:01:09","modified_gmt":"2022-04-21T09:01:09","slug":"tourist-attractions","status":"publish","type":"page","link":"https:\/\/ottenbyvandrarhem.se\/en\/tourist-attractions\/","title":{"rendered":"Tourist attractions"},"content":{"rendered":"<p>Proximity of the lighthouse L\u00e5nge Jan, Ottenby Bird Observatory and Eketorps castle, making the hostel accommodation to a natural point.<\/p>\n<p>&nbsp;<\/p>\n<ul class=\"gallery columns-3\"><li class=\"gallery-item\"><a href='https:\/\/ottenbyvandrarhem.se\/en\/ute_ottenby-vandrarhem-flygfoto_ej-besk-2\/'><img loading=\"lazy\" decoding=\"async\" width=\"320\" height=\"320\" src=\"https:\/\/ottenbyvandrarhem.se\/wp-content\/uploads\/2022\/04\/ute_Ottenby-vandrarhem-flygfoto_ej-besk-320x320.jpg\" class=\"attachment-thumbnail size-thumbnail\" alt=\"\" \/><\/a><\/li><li class=\"gallery-item\"><a href='https:\/\/ottenbyvandrarhem.se\/en\/olympus-digital-camera-24-2\/'><img loading=\"lazy\" decoding=\"async\" width=\"320\" height=\"320\" src=\"https:\/\/ottenbyvandrarhem.se\/wp-content\/uploads\/2022\/04\/ute_1000_skylt-320x320.jpg\" class=\"attachment-thumbnail size-thumbnail\" alt=\"\" \/><\/a><\/li><li class=\"gallery-item\"><a href='https:\/\/ottenbyvandrarhem.se\/en\/olympus-digital-camera-23-2\/'><img loading=\"lazy\" decoding=\"async\" width=\"320\" height=\"320\" src=\"https:\/\/ottenbyvandrarhem.se\/wp-content\/uploads\/2022\/04\/ute_1000_skylt_OI002069-01-320x320.jpg\" class=\"attachment-thumbnail size-thumbnail\" alt=\"\" \/><\/a><\/li><\/ul>\n<p>&nbsp;<\/p>\n<p><img loading=\"lazy\" decoding=\"async\" class=\"alignnone wp-image-52\" src=\"https:\/\/ottenby.wpengine.com\/wp-content\/uploads\/2022\/02\/Lange-Jan-logga-SE-490x214.png\" alt=\"\" width=\"280\" height=\"122\" srcset=\"https:\/\/ottenbyvandrarhem.se\/wp-content\/uploads\/2022\/02\/Lange-Jan-logga-SE-490x214.png 490w, https:\/\/ottenbyvandrarhem.se\/wp-content\/uploads\/2022\/02\/Lange-Jan-logga-SE.png 594w\" sizes=\"(max-width: 280px) 100vw, 280px\" \/><\/p>\n<p><a href=\"https:\/\/langejan.se\/\" target=\"_blank\" rel=\"noopener\">Read more about L\u00e5nge Jan<\/a><\/p>\n<p><img loading=\"lazy\" decoding=\"async\" class=\"alignnone wp-image-53\" src=\"https:\/\/ottenby.wpengine.com\/wp-content\/uploads\/2022\/02\/logo-fagelbla-490x452.png\" alt=\"\" width=\"174\" height=\"161\" srcset=\"https:\/\/ottenbyvandrarhem.se\/wp-content\/uploads\/2022\/02\/logo-fagelbla-490x452.png 490w, https:\/\/ottenbyvandrarhem.se\/wp-content\/uploads\/2022\/02\/logo-fagelbla-768x708.png 768w, https:\/\/ottenbyvandrarhem.se\/wp-content\/uploads\/2022\/02\/logo-fagelbla.png 960w\" sizes=\"(max-width: 174px) 100vw, 174px\" \/><\/p>\n<p><a href=\"http:\/\/restfagelbla.se\/\" target=\"_blank\" rel=\"noopener\">Read more about Restaurang F\u00e5gel Bl\u00e5<\/a><\/p>\n<p>&nbsp;<\/p>\n<p><img loading=\"lazy\" decoding=\"async\" class=\"alignnone wp-image-54\" src=\"https:\/\/ottenby.wpengine.com\/wp-content\/uploads\/2022\/02\/Ottenby-logga-SE-mild-orange-liten-490x211-1.png\" alt=\"\" width=\"281\" height=\"121\" \/><\/p>\n<p><a href=\"https:\/\/www.ottenby.se\/\" target=\"_blank\" rel=\"noopener\">Read more about Ottenby<\/a><\/p>\n<p><img loading=\"lazy\" decoding=\"async\" class=\"alignnone wp-image-55\" src=\"https:\/\/ottenby.wpengine.com\/wp-content\/uploads\/2022\/02\/Logga-naturum-Ottenby_2-1280x720-2-490x174-1.png\" alt=\"\" width=\"279\" height=\"99\" \/><\/p>\n<p><a href=\"https:\/\/naturumottenby.se\/\" target=\"_blank\" rel=\"noopener\">Read more about Naturum Ottenby<\/a><\/p>\n<p><img loading=\"lazy\" decoding=\"async\" class=\"alignnone wp-image-240\" src=\"https:\/\/ottenby.wpengine.com\/wp-content\/uploads\/2022\/03\/logo.png\" alt=\"\" width=\"278\" height=\"124\" \/><\/p>\n<p><a href=\"https:\/\/sodraoland.com\/\" target=\"_blank\" rel=\"noopener\">Read more about V\u00e4rldsarvet S\u00f6dra \u00d6land<\/a><\/p>\n<p>&nbsp;<\/p>\n","protected":false},"excerpt":{"rendered":"<p>Proximity of the lighthouse L\u00e5nge Jan, Ottenby Bird Observatory and Eketorps castle, making the hostel accommodation to a natural point. &nbsp; &nbsp; Read more about L\u00e5nge Jan Read more about Restaurang F\u00e5gel Bl\u00e5 &nbsp; Read more about Ottenby Read more about Naturum Ottenby Read more about V\u00e4rldsarvet S\u00f6dra \u00d6land &nbsp;<\/p>\n","protected":false},"author":3,"featured_media":0,"parent":0,"menu_order":0,"comment_status":"closed","ping_status":"closed","template":"","meta":{"_acf_changed":false,"_monsterinsights_skip_tracking":false,"_monsterinsights_sitenote_active":false,"_monsterinsights_sitenote_note":"","_monsterinsights_sitenote_category":0,"footnotes":""},"class_list":["post-217","page","type-page","status-publish","hentry"],"acf":[],"yoast_head":"<!-- This site is optimized with the Yoast SEO plugin v27.3 - https:\/\/yoast.com\/product\/yoast-seo-wordpress\/ -->\n<title>Tourist attractions - Gota Media Webbyr\u00e5 site<\/title>\n<meta name=\"description\" content=\"Proximity of the lighthouse L\u00e5nge Jan, Ottenby Bird Observatory and Eketorps castle, making the hostel accommodation to a natural point. &nbsp; &nbsp;\" \/>\n<meta name=\"robots\" content=\"index, follow, max-snippet:-1, max-image-preview:large, max-video-preview:-1\" \/>\n<link rel=\"canonical\" href=\"https:\/\/ottenbyvandrarhem.se\/en\/tourist-attractions\/\" \/>\n<meta property=\"og:locale\" content=\"en_US\" \/>\n<meta property=\"og:type\" content=\"article\" \/>\n<meta property=\"og:title\" content=\"Tourist attractions - Gota Media Webbyr\u00e5 site\" \/>\n<meta property=\"og:description\" content=\"Proximity of the lighthouse L\u00e5nge Jan, Ottenby Bird Observatory and Eketorps castle, making the hostel accommodation to a natural point. &nbsp; &nbsp;\" \/>\n<meta property=\"og:url\" content=\"https:\/\/ottenbyvandrarhem.se\/en\/tourist-attractions\/\" \/>\n<meta property=\"og:site_name\" content=\"Gota Media Webbyr\u00e5 site\" \/>\n<meta property=\"article:modified_time\" content=\"2022-04-21T09:01:09+00:00\" \/>\n<meta property=\"og:image\" content=\"https:\/\/ottenbyvandrarhem.se\/wp-content\/uploads\/2022\/04\/ute_Ottenby-vandrarhem-flygfoto_ej-besk-320x320.jpg\" \/>\n<meta name=\"twitter:card\" content=\"summary_large_image\" \/>\n<script type=\"application\/ld+json\" class=\"yoast-schema-graph\">{\"@context\":\"https:\\\/\\\/schema.org\",\"@graph\":[{\"@type\":\"WebPage\",\"@id\":\"https:\\\/\\\/ottenbyvandrarhem.se\\\/en\\\/tourist-attractions\\\/\",\"url\":\"https:\\\/\\\/ottenbyvandrarhem.se\\\/en\\\/tourist-attractions\\\/\",\"name\":\"Tourist attractions - Gota Media Webbyr\u00e5 site\",\"isPartOf\":{\"@id\":\"https:\\\/\\\/ottenbyvandrarhem.se\\\/#website\"},\"primaryImageOfPage\":{\"@id\":\"https:\\\/\\\/ottenbyvandrarhem.se\\\/en\\\/tourist-attractions\\\/#primaryimage\"},\"image\":{\"@id\":\"https:\\\/\\\/ottenbyvandrarhem.se\\\/en\\\/tourist-attractions\\\/#primaryimage\"},\"thumbnailUrl\":\"https:\\\/\\\/ottenby.wpengine.com\\\/wp-content\\\/uploads\\\/2022\\\/02\\\/Lange-Jan-logga-SE-490x214.png\",\"datePublished\":\"2022-02-25T12:50:28+00:00\",\"dateModified\":\"2022-04-21T09:01:09+00:00\",\"description\":\"Proximity of the lighthouse L\u00e5nge Jan, Ottenby Bird Observatory and Eketorps castle, making the hostel accommodation to a natural point. &nbsp; &nbsp;\",\"breadcrumb\":{\"@id\":\"https:\\\/\\\/ottenbyvandrarhem.se\\\/en\\\/tourist-attractions\\\/#breadcrumb\"},\"inLanguage\":\"en-US\",\"potentialAction\":[{\"@type\":\"ReadAction\",\"target\":[\"https:\\\/\\\/ottenbyvandrarhem.se\\\/en\\\/tourist-attractions\\\/\"]}]},{\"@type\":\"ImageObject\",\"inLanguage\":\"en-US\",\"@id\":\"https:\\\/\\\/ottenbyvandrarhem.se\\\/en\\\/tourist-attractions\\\/#primaryimage\",\"url\":\"https:\\\/\\\/ottenby.wpengine.com\\\/wp-content\\\/uploads\\\/2022\\\/02\\\/Lange-Jan-logga-SE-490x214.png\",\"contentUrl\":\"https:\\\/\\\/ottenby.wpengine.com\\\/wp-content\\\/uploads\\\/2022\\\/02\\\/Lange-Jan-logga-SE-490x214.png\"},{\"@type\":\"BreadcrumbList\",\"@id\":\"https:\\\/\\\/ottenbyvandrarhem.se\\\/en\\\/tourist-attractions\\\/#breadcrumb\",\"itemListElement\":[{\"@type\":\"ListItem\",\"position\":1,\"name\":\"Hem\",\"item\":\"https:\\\/\\\/ottenbyvandrarhem.se\\\/en\\\/\"},{\"@type\":\"ListItem\",\"position\":2,\"name\":\"Tourist attractions\"}]},{\"@type\":\"WebSite\",\"@id\":\"https:\\\/\\\/ottenbyvandrarhem.se\\\/#website\",\"url\":\"https:\\\/\\\/ottenbyvandrarhem.se\\\/\",\"name\":\"Gota Media Webbyr\u00e5 site\",\"description\":\"Your SUPER-powered WP Engine Site\",\"publisher\":{\"@id\":\"https:\\\/\\\/ottenbyvandrarhem.se\\\/#organization\"},\"potentialAction\":[{\"@type\":\"SearchAction\",\"target\":{\"@type\":\"EntryPoint\",\"urlTemplate\":\"https:\\\/\\\/ottenbyvandrarhem.se\\\/?s={search_term_string}\"},\"query-input\":{\"@type\":\"PropertyValueSpecification\",\"valueRequired\":true,\"valueName\":\"search_term_string\"}}],\"inLanguage\":\"en-US\"},{\"@type\":\"Organization\",\"@id\":\"https:\\\/\\\/ottenbyvandrarhem.se\\\/#organization\",\"name\":\"Gota Media Webbyr\u00e5 site\",\"url\":\"https:\\\/\\\/ottenbyvandrarhem.se\\\/\",\"logo\":{\"@type\":\"ImageObject\",\"inLanguage\":\"en-US\",\"@id\":\"https:\\\/\\\/ottenbyvandrarhem.se\\\/#\\\/schema\\\/logo\\\/image\\\/\",\"url\":\"https:\\\/\\\/ottenbyvandrarhem.se\\\/wp-content\\\/uploads\\\/2022\\\/03\\\/cropped-logo-Ottenby-vandrarhem55-1.png\",\"contentUrl\":\"https:\\\/\\\/ottenbyvandrarhem.se\\\/wp-content\\\/uploads\\\/2022\\\/03\\\/cropped-logo-Ottenby-vandrarhem55-1.png\",\"width\":736,\"height\":239,\"caption\":\"Gota Media Webbyr\u00e5 site\"},\"image\":{\"@id\":\"https:\\\/\\\/ottenbyvandrarhem.se\\\/#\\\/schema\\\/logo\\\/image\\\/\"}}]}<\/script>\n<!-- \/ Yoast SEO plugin. -->","yoast_head_json":{"title":"Tourist attractions - Gota Media Webbyr\u00e5 site","description":"Proximity of the lighthouse L\u00e5nge Jan, Ottenby Bird Observatory and Eketorps castle, making the hostel accommodation to a natural point. &nbsp; &nbsp;","robots":{"index":"index","follow":"follow","max-snippet":"max-snippet:-1","max-image-preview":"max-image-preview:large","max-video-preview":"max-video-preview:-1"},"canonical":"https:\/\/ottenbyvandrarhem.se\/en\/tourist-attractions\/","og_locale":"en_US","og_type":"article","og_title":"Tourist attractions - Gota Media Webbyr\u00e5 site","og_description":"Proximity of the lighthouse L\u00e5nge Jan, Ottenby Bird Observatory and Eketorps castle, making the hostel accommodation to a natural point. &nbsp; &nbsp;","og_url":"https:\/\/ottenbyvandrarhem.se\/en\/tourist-attractions\/","og_site_name":"Gota Media Webbyr\u00e5 site","article_modified_time":"2022-04-21T09:01:09+00:00","og_image":[{"url":"https:\/\/ottenbyvandrarhem.se\/wp-content\/uploads\/2022\/04\/ute_Ottenby-vandrarhem-flygfoto_ej-besk-320x320.jpg","type":"","width":"","height":""}],"twitter_card":"summary_large_image","schema":{"@context":"https:\/\/schema.org","@graph":[{"@type":"WebPage","@id":"https:\/\/ottenbyvandrarhem.se\/en\/tourist-attractions\/","url":"https:\/\/ottenbyvandrarhem.se\/en\/tourist-attractions\/","name":"Tourist attractions - Gota Media Webbyr\u00e5 site","isPartOf":{"@id":"https:\/\/ottenbyvandrarhem.se\/#website"},"primaryImageOfPage":{"@id":"https:\/\/ottenbyvandrarhem.se\/en\/tourist-attractions\/#primaryimage"},"image":{"@id":"https:\/\/ottenbyvandrarhem.se\/en\/tourist-attractions\/#primaryimage"},"thumbnailUrl":"https:\/\/ottenby.wpengine.com\/wp-content\/uploads\/2022\/02\/Lange-Jan-logga-SE-490x214.png","datePublished":"2022-02-25T12:50:28+00:00","dateModified":"2022-04-21T09:01:09+00:00","description":"Proximity of the lighthouse L\u00e5nge Jan, Ottenby Bird Observatory and Eketorps castle, making the hostel accommodation to a natural point. &nbsp; &nbsp;","breadcrumb":{"@id":"https:\/\/ottenbyvandrarhem.se\/en\/tourist-attractions\/#breadcrumb"},"inLanguage":"en-US","potentialAction":[{"@type":"ReadAction","target":["https:\/\/ottenbyvandrarhem.se\/en\/tourist-attractions\/"]}]},{"@type":"ImageObject","inLanguage":"en-US","@id":"https:\/\/ottenbyvandrarhem.se\/en\/tourist-attractions\/#primaryimage","url":"https:\/\/ottenby.wpengine.com\/wp-content\/uploads\/2022\/02\/Lange-Jan-logga-SE-490x214.png","contentUrl":"https:\/\/ottenby.wpengine.com\/wp-content\/uploads\/2022\/02\/Lange-Jan-logga-SE-490x214.png"},{"@type":"BreadcrumbList","@id":"https:\/\/ottenbyvandrarhem.se\/en\/tourist-attractions\/#breadcrumb","itemListElement":[{"@type":"ListItem","position":1,"name":"Hem","item":"https:\/\/ottenbyvandrarhem.se\/en\/"},{"@type":"ListItem","position":2,"name":"Tourist attractions"}]},{"@type":"WebSite","@id":"https:\/\/ottenbyvandrarhem.se\/#website","url":"https:\/\/ottenbyvandrarhem.se\/","name":"Gota Media Webbyr\u00e5 site","description":"Your SUPER-powered WP Engine Site","publisher":{"@id":"https:\/\/ottenbyvandrarhem.se\/#organization"},"potentialAction":[{"@type":"SearchAction","target":{"@type":"EntryPoint","urlTemplate":"https:\/\/ottenbyvandrarhem.se\/?s={search_term_string}"},"query-input":{"@type":"PropertyValueSpecification","valueRequired":true,"valueName":"search_term_string"}}],"inLanguage":"en-US"},{"@type":"Organization","@id":"https:\/\/ottenbyvandrarhem.se\/#organization","name":"Gota Media Webbyr\u00e5 site","url":"https:\/\/ottenbyvandrarhem.se\/","logo":{"@type":"ImageObject","inLanguage":"en-US","@id":"https:\/\/ottenbyvandrarhem.se\/#\/schema\/logo\/image\/","url":"https:\/\/ottenbyvandrarhem.se\/wp-content\/uploads\/2022\/03\/cropped-logo-Ottenby-vandrarhem55-1.png","contentUrl":"https:\/\/ottenbyvandrarhem.se\/wp-content\/uploads\/2022\/03\/cropped-logo-Ottenby-vandrarhem55-1.png","width":736,"height":239,"caption":"Gota Media Webbyr\u00e5 site"},"image":{"@id":"https:\/\/ottenbyvandrarhem.se\/#\/schema\/logo\/image\/"}}]}},"_links":{"self":[{"href":"https:\/\/ottenbyvandrarhem.se\/en\/wp-json\/wp\/v2\/pages\/217","targetHints":{"allow":["GET"]}}],"collection":[{"href":"https:\/\/ottenbyvandrarhem.se\/en\/wp-json\/wp\/v2\/pages"}],"about":[{"href":"https:\/\/ottenbyvandrarhem.se\/en\/wp-json\/wp\/v2\/types\/page"}],"author":[{"embeddable":true,"href":"https:\/\/ottenbyvandrarhem.se\/en\/wp-json\/wp\/v2\/users\/3"}],"replies":[{"embeddable":true,"href":"https:\/\/ottenbyvandrarhem.se\/en\/wp-json\/wp\/v2\/comments?post=217"}],"version-history":[{"count":0,"href":"https:\/\/ottenbyvandrarhem.se\/en\/wp-json\/wp\/v2\/pages\/217\/revisions"}],"wp:attachment":[{"href":"https:\/\/ottenbyvandrarhem.se\/en\/wp-json\/wp\/v2\/media?parent=217"}],"curies":[{"name":"wp","href":"https:\/\/api.w.org\/{rel}","templated":true}]}}