{"id":214,"date":"2022-02-01T08:58:30","date_gmt":"2022-02-01T08:58:30","guid":{"rendered":"https:\/\/ottenby.wpengine.com\/homepage\/"},"modified":"2023-08-14T07:38:04","modified_gmt":"2023-08-14T07:38:04","slug":"hem","status":"publish","type":"page","link":"https:\/\/ottenbyvandrarhem.se\/en\/","title":{"rendered":"Hem"},"content":{"rendered":"<p>If you like holidays on Southern \u00d6land, or just need to stay overnight, \u00d6lands southernmost hostel and campsite is something for you, located approximately 55 km south from the \u00d6land Bridge, near the \u00c5s Church. We have 50 rooms: two, three and four-bed rooms, some handicapped. Within the area there are also camping with electric outlets and space for tents.<\/p>\n<p>&nbsp;<\/p>\n<p>Proximity of the lighthouse L\u00e5nge Jan, Ottenby Bird, Observatory and Eketorps castle, making the hostel accommodation to a natural point.<\/p>\n","protected":false},"excerpt":{"rendered":"<p>If you like holidays on Southern \u00d6land, or just need to stay overnight, \u00d6lands southernmost hostel and campsite is something for you, located approximately 55 km south from the \u00d6land Bridge, near the \u00c5s Church. We have 50 rooms: two, three and four-bed rooms, some handicapped. Within the area there are also camping with electric [&hellip;]<\/p>\n","protected":false},"author":2,"featured_media":0,"parent":0,"menu_order":0,"comment_status":"closed","ping_status":"closed","template":"","meta":{"_acf_changed":false,"_monsterinsights_skip_tracking":false,"_monsterinsights_sitenote_active":false,"_monsterinsights_sitenote_note":"","_monsterinsights_sitenote_category":0,"footnotes":""},"class_list":["post-214","page","type-page","status-publish","hentry"],"acf":[],"yoast_head":"<!-- This site is optimized with the Yoast SEO plugin v27.3 - https:\/\/yoast.com\/product\/yoast-seo-wordpress\/ -->\n<title>Hem - Gota Media Webbyr\u00e5 site<\/title>\n<meta name=\"description\" content=\"If you like holidays on Southern \u00d6land, or just need to stay overnight, \u00d6lands southernmost hostel and campsite is something for you, located\" \/>\n<meta name=\"robots\" content=\"index, follow, max-snippet:-1, max-image-preview:large, max-video-preview:-1\" \/>\n<link rel=\"canonical\" href=\"https:\/\/ottenbyvandrarhem.se\/en\/\" \/>\n<meta property=\"og:locale\" content=\"en_US\" \/>\n<meta property=\"og:type\" content=\"article\" \/>\n<meta property=\"og:title\" content=\"Hem - Gota Media Webbyr\u00e5 site\" \/>\n<meta property=\"og:description\" content=\"If you like holidays on Southern \u00d6land, or just need to stay overnight, \u00d6lands southernmost hostel and campsite is something for you, located\" \/>\n<meta property=\"og:url\" content=\"https:\/\/ottenbyvandrarhem.se\/en\/\" \/>\n<meta property=\"og:site_name\" content=\"Gota Media Webbyr\u00e5 site\" \/>\n<meta property=\"article:modified_time\" content=\"2023-08-14T07:38:04+00:00\" \/>\n<meta name=\"twitter:card\" content=\"summary_large_image\" \/>\n<meta name=\"twitter:label1\" content=\"Est. reading time\" \/>\n\t<meta name=\"twitter:data1\" content=\"1 minute\" \/>\n<script type=\"application\/ld+json\" class=\"yoast-schema-graph\">{\"@context\":\"https:\\\/\\\/schema.org\",\"@graph\":[{\"@type\":\"WebPage\",\"@id\":\"https:\\\/\\\/ottenbyvandrarhem.se\\\/en\\\/\",\"url\":\"https:\\\/\\\/ottenbyvandrarhem.se\\\/en\\\/\",\"name\":\"Hem - Gota Media Webbyr\u00e5 site\",\"isPartOf\":{\"@id\":\"https:\\\/\\\/ottenbyvandrarhem.se\\\/#website\"},\"datePublished\":\"2022-02-01T08:58:30+00:00\",\"dateModified\":\"2023-08-14T07:38:04+00:00\",\"description\":\"If you like holidays on Southern \u00d6land, or just need to stay overnight, \u00d6lands southernmost hostel and campsite is something for you, located\",\"breadcrumb\":{\"@id\":\"https:\\\/\\\/ottenbyvandrarhem.se\\\/en\\\/#breadcrumb\"},\"inLanguage\":\"en-US\",\"potentialAction\":[{\"@type\":\"ReadAction\",\"target\":[\"https:\\\/\\\/ottenbyvandrarhem.se\\\/en\\\/\"]}]},{\"@type\":\"BreadcrumbList\",\"@id\":\"https:\\\/\\\/ottenbyvandrarhem.se\\\/en\\\/#breadcrumb\",\"itemListElement\":[{\"@type\":\"ListItem\",\"position\":1,\"name\":\"Hem\",\"item\":\"https:\\\/\\\/ottenbyvandrarhem.se\\\/en\\\/\"},{\"@type\":\"ListItem\",\"position\":2,\"name\":\"Hem\"}]},{\"@type\":\"WebSite\",\"@id\":\"https:\\\/\\\/ottenbyvandrarhem.se\\\/#website\",\"url\":\"https:\\\/\\\/ottenbyvandrarhem.se\\\/\",\"name\":\"Gota Media Webbyr\u00e5 site\",\"description\":\"Your SUPER-powered WP Engine Site\",\"publisher\":{\"@id\":\"https:\\\/\\\/ottenbyvandrarhem.se\\\/#organization\"},\"potentialAction\":[{\"@type\":\"SearchAction\",\"target\":{\"@type\":\"EntryPoint\",\"urlTemplate\":\"https:\\\/\\\/ottenbyvandrarhem.se\\\/?s={search_term_string}\"},\"query-input\":{\"@type\":\"PropertyValueSpecification\",\"valueRequired\":true,\"valueName\":\"search_term_string\"}}],\"inLanguage\":\"en-US\"},{\"@type\":\"Organization\",\"@id\":\"https:\\\/\\\/ottenbyvandrarhem.se\\\/#organization\",\"name\":\"Gota Media Webbyr\u00e5 site\",\"url\":\"https:\\\/\\\/ottenbyvandrarhem.se\\\/\",\"logo\":{\"@type\":\"ImageObject\",\"inLanguage\":\"en-US\",\"@id\":\"https:\\\/\\\/ottenbyvandrarhem.se\\\/#\\\/schema\\\/logo\\\/image\\\/\",\"url\":\"https:\\\/\\\/ottenbyvandrarhem.se\\\/wp-content\\\/uploads\\\/2022\\\/03\\\/cropped-logo-Ottenby-vandrarhem55-1.png\",\"contentUrl\":\"https:\\\/\\\/ottenbyvandrarhem.se\\\/wp-content\\\/uploads\\\/2022\\\/03\\\/cropped-logo-Ottenby-vandrarhem55-1.png\",\"width\":736,\"height\":239,\"caption\":\"Gota Media Webbyr\u00e5 site\"},\"image\":{\"@id\":\"https:\\\/\\\/ottenbyvandrarhem.se\\\/#\\\/schema\\\/logo\\\/image\\\/\"}}]}<\/script>\n<!-- \/ Yoast SEO plugin. -->","yoast_head_json":{"title":"Hem - Gota Media Webbyr\u00e5 site","description":"If you like holidays on Southern \u00d6land, or just need to stay overnight, \u00d6lands southernmost hostel and campsite is something for you, located","robots":{"index":"index","follow":"follow","max-snippet":"max-snippet:-1","max-image-preview":"max-image-preview:large","max-video-preview":"max-video-preview:-1"},"canonical":"https:\/\/ottenbyvandrarhem.se\/en\/","og_locale":"en_US","og_type":"article","og_title":"Hem - Gota Media Webbyr\u00e5 site","og_description":"If you like holidays on Southern \u00d6land, or just need to stay overnight, \u00d6lands southernmost hostel and campsite is something for you, located","og_url":"https:\/\/ottenbyvandrarhem.se\/en\/","og_site_name":"Gota Media Webbyr\u00e5 site","article_modified_time":"2023-08-14T07:38:04+00:00","twitter_card":"summary_large_image","twitter_misc":{"Est. reading time":"1 minute"},"schema":{"@context":"https:\/\/schema.org","@graph":[{"@type":"WebPage","@id":"https:\/\/ottenbyvandrarhem.se\/en\/","url":"https:\/\/ottenbyvandrarhem.se\/en\/","name":"Hem - Gota Media Webbyr\u00e5 site","isPartOf":{"@id":"https:\/\/ottenbyvandrarhem.se\/#website"},"datePublished":"2022-02-01T08:58:30+00:00","dateModified":"2023-08-14T07:38:04+00:00","description":"If you like holidays on Southern \u00d6land, or just need to stay overnight, \u00d6lands southernmost hostel and campsite is something for you, located","breadcrumb":{"@id":"https:\/\/ottenbyvandrarhem.se\/en\/#breadcrumb"},"inLanguage":"en-US","potentialAction":[{"@type":"ReadAction","target":["https:\/\/ottenbyvandrarhem.se\/en\/"]}]},{"@type":"BreadcrumbList","@id":"https:\/\/ottenbyvandrarhem.se\/en\/#breadcrumb","itemListElement":[{"@type":"ListItem","position":1,"name":"Hem","item":"https:\/\/ottenbyvandrarhem.se\/en\/"},{"@type":"ListItem","position":2,"name":"Hem"}]},{"@type":"WebSite","@id":"https:\/\/ottenbyvandrarhem.se\/#website","url":"https:\/\/ottenbyvandrarhem.se\/","name":"Gota Media Webbyr\u00e5 site","description":"Your SUPER-powered WP Engine Site","publisher":{"@id":"https:\/\/ottenbyvandrarhem.se\/#organization"},"potentialAction":[{"@type":"SearchAction","target":{"@type":"EntryPoint","urlTemplate":"https:\/\/ottenbyvandrarhem.se\/?s={search_term_string}"},"query-input":{"@type":"PropertyValueSpecification","valueRequired":true,"valueName":"search_term_string"}}],"inLanguage":"en-US"},{"@type":"Organization","@id":"https:\/\/ottenbyvandrarhem.se\/#organization","name":"Gota Media Webbyr\u00e5 site","url":"https:\/\/ottenbyvandrarhem.se\/","logo":{"@type":"ImageObject","inLanguage":"en-US","@id":"https:\/\/ottenbyvandrarhem.se\/#\/schema\/logo\/image\/","url":"https:\/\/ottenbyvandrarhem.se\/wp-content\/uploads\/2022\/03\/cropped-logo-Ottenby-vandrarhem55-1.png","contentUrl":"https:\/\/ottenbyvandrarhem.se\/wp-content\/uploads\/2022\/03\/cropped-logo-Ottenby-vandrarhem55-1.png","width":736,"height":239,"caption":"Gota Media Webbyr\u00e5 site"},"image":{"@id":"https:\/\/ottenbyvandrarhem.se\/#\/schema\/logo\/image\/"}}]}},"_links":{"self":[{"href":"https:\/\/ottenbyvandrarhem.se\/en\/wp-json\/wp\/v2\/pages\/214","targetHints":{"allow":["GET"]}}],"collection":[{"href":"https:\/\/ottenbyvandrarhem.se\/en\/wp-json\/wp\/v2\/pages"}],"about":[{"href":"https:\/\/ottenbyvandrarhem.se\/en\/wp-json\/wp\/v2\/types\/page"}],"author":[{"embeddable":true,"href":"https:\/\/ottenbyvandrarhem.se\/en\/wp-json\/wp\/v2\/users\/2"}],"replies":[{"embeddable":true,"href":"https:\/\/ottenbyvandrarhem.se\/en\/wp-json\/wp\/v2\/comments?post=214"}],"version-history":[{"count":0,"href":"https:\/\/ottenbyvandrarhem.se\/en\/wp-json\/wp\/v2\/pages\/214\/revisions"}],"wp:attachment":[{"href":"https:\/\/ottenbyvandrarhem.se\/en\/wp-json\/wp\/v2\/media?parent=214"}],"curies":[{"name":"wp","href":"https:\/\/api.w.org\/{rel}","templated":true}]}}